{"id":15,"date":"2022-11-07T14:53:54","date_gmt":"2022-11-07T14:53:54","guid":{"rendered":"https:\/\/kadence.pixel-show.com\/influencer\/?page_id=15"},"modified":"2026-01-08T16:39:07","modified_gmt":"2026-01-08T16:39:07","slug":"zespol-owit","status":"publish","type":"page","link":"https:\/\/owit.fleximind.pl\/index.php\/zespol-owit\/","title":{"rendered":"Zesp\u00f3\u0142 OWiT"},"content":{"rendered":"<style>.kb-row-layout-id15_90b4c5-71 > .kt-row-column-wrap{align-content:start;}:where(.kb-row-layout-id15_90b4c5-71 > .kt-row-column-wrap) > .wp-block-kadence-column{justify-content:start;}.kb-row-layout-id15_90b4c5-71 > .kt-row-column-wrap{column-gap:var(--global-kb-gap-md, 2rem);row-gap:var(--global-kb-gap-md, 2rem);max-width:var( --global-content-width, 1290px );padding-left:var(--global-content-edge-padding);padding-right:var(--global-content-edge-padding);padding-top:60px;padding-bottom:60px;grid-template-columns:minmax(0, 1fr);}.kb-row-layout-id15_90b4c5-71 > .kt-row-layout-overlay{opacity:0.30;}@media all and (max-width: 1024px){.kb-row-layout-id15_90b4c5-71 > .kt-row-column-wrap{padding-top:60px;grid-template-columns:minmax(0, 1fr);}}@media all and (max-width: 767px){.kb-row-layout-id15_90b4c5-71 > .kt-row-column-wrap{grid-template-columns:minmax(0, 1fr);}}<\/style><div class=\"kb-row-layout-wrap kb-row-layout-id15_90b4c5-71 alignnone has-theme-palette8-background-color kt-row-has-bg wp-block-kadence-rowlayout\"><div class=\"kt-row-column-wrap kt-has-1-columns kt-row-layout-equal kt-tab-layout-inherit kt-mobile-layout-row kt-row-valign-top kb-theme-content-width\">\n<style>.kadence-column15_38c558-7a > .kt-inside-inner-col,.kadence-column15_38c558-7a > .kt-inside-inner-col:before{border-top-left-radius:0px;border-top-right-radius:0px;border-bottom-right-radius:0px;border-bottom-left-radius:0px;}.kadence-column15_38c558-7a > .kt-inside-inner-col{column-gap:var(--global-kb-gap-sm, 1rem);}.kadence-column15_38c558-7a > .kt-inside-inner-col{flex-direction:column;}.kadence-column15_38c558-7a > .kt-inside-inner-col > .aligncenter{width:100%;}.kadence-column15_38c558-7a > .kt-inside-inner-col:before{opacity:0.3;}.kadence-column15_38c558-7a{position:relative;}@media all and (max-width: 1024px){.kadence-column15_38c558-7a > .kt-inside-inner-col{flex-direction:column;justify-content:center;}}@media all and (max-width: 767px){.kadence-column15_38c558-7a > .kt-inside-inner-col{flex-direction:column;justify-content:center;}}<\/style>\n<div class=\"wp-block-kadence-column kadence-column15_38c558-7a inner-column-1\"><div class=\"kt-inside-inner-col\"><style>.kb-row-layout-id15_9d8879-d4 > .kt-row-column-wrap{align-content:start;}:where(.kb-row-layout-id15_9d8879-d4 > .kt-row-column-wrap) > .wp-block-kadence-column{justify-content:start;}.kb-row-layout-id15_9d8879-d4 > .kt-row-column-wrap{column-gap:var(--global-kb-gap-md, 2rem);row-gap:var(--global-kb-gap-md, 2rem);max-width:600px;margin-left:auto;margin-right:auto;padding-top:0px;padding-bottom:0px;grid-template-columns:minmax(0, 1fr);}.kb-row-layout-id15_9d8879-d4 > .kt-row-layout-overlay{opacity:0.30;}@media all and (max-width: 1024px){.kb-row-layout-id15_9d8879-d4 > .kt-row-column-wrap{max-width:600px;margin-left:auto;margin-right:auto;grid-template-columns:minmax(0, 1fr);}}@media all and (max-width: 767px){.kb-row-layout-id15_9d8879-d4 > .kt-row-column-wrap{grid-template-columns:minmax(0, 1fr);}}<\/style><div class=\"kb-row-layout-wrap kb-row-layout-id15_9d8879-d4 alignnone wp-block-kadence-rowlayout\"><div class=\"kt-row-column-wrap kt-has-1-columns kt-row-layout-equal kt-tab-layout-inherit kt-mobile-layout-row kt-row-valign-top\">\n<style>.kadence-column15_2e9b60-31 > .kt-inside-inner-col,.kadence-column15_2e9b60-31 > .kt-inside-inner-col:before{border-top-left-radius:0px;border-top-right-radius:0px;border-bottom-right-radius:0px;border-bottom-left-radius:0px;}.kadence-column15_2e9b60-31 > .kt-inside-inner-col{column-gap:var(--global-kb-gap-sm, 1rem);}.kadence-column15_2e9b60-31 > .kt-inside-inner-col{flex-direction:column;}.kadence-column15_2e9b60-31 > .kt-inside-inner-col > .aligncenter{width:100%;}.kadence-column15_2e9b60-31 > .kt-inside-inner-col:before{opacity:0.3;}.kadence-column15_2e9b60-31{position:relative;}@media all and (max-width: 1024px){.kadence-column15_2e9b60-31 > .kt-inside-inner-col{flex-direction:column;justify-content:center;}}@media all and (max-width: 767px){.kadence-column15_2e9b60-31 > .kt-inside-inner-col{flex-direction:column;justify-content:center;}}<\/style>\n<div class=\"wp-block-kadence-column kadence-column15_2e9b60-31 inner-column-1\"><div class=\"kt-inside-inner-col\"><style>.wp-block-kadence-advancedheading.kt-adv-heading15_309814-84, .wp-block-kadence-advancedheading.kt-adv-heading15_309814-84[data-kb-block=\"kb-adv-heading15_309814-84\"]{margin-bottom:20px;text-align:center;font-size:70px;line-height:70px;font-style:normal;}.wp-block-kadence-advancedheading.kt-adv-heading15_309814-84 mark.kt-highlight, .wp-block-kadence-advancedheading.kt-adv-heading15_309814-84[data-kb-block=\"kb-adv-heading15_309814-84\"] mark.kt-highlight{font-style:normal;color:#f76a0c;-webkit-box-decoration-break:clone;box-decoration-break:clone;padding-top:0px;padding-right:0px;padding-bottom:0px;padding-left:0px;}.wp-block-kadence-advancedheading.kt-adv-heading15_309814-84 img.kb-inline-image, .wp-block-kadence-advancedheading.kt-adv-heading15_309814-84[data-kb-block=\"kb-adv-heading15_309814-84\"] img.kb-inline-image{width:150px;vertical-align:baseline;}@media all and (max-width: 1024px){.wp-block-kadence-advancedheading.kt-adv-heading15_309814-84, .wp-block-kadence-advancedheading.kt-adv-heading15_309814-84[data-kb-block=\"kb-adv-heading15_309814-84\"]{font-size:55px;}}@media all and (max-width: 767px){.wp-block-kadence-advancedheading.kt-adv-heading15_309814-84, .wp-block-kadence-advancedheading.kt-adv-heading15_309814-84[data-kb-block=\"kb-adv-heading15_309814-84\"]{font-size:45px;}}<\/style>\n<h1 class=\"kt-adv-heading15_309814-84 wp-block-kadence-advancedheading\" data-kb-block=\"kb-adv-heading15_309814-84\">Zesp\u00f3\u0142 OWiT<\/h1>\n<\/div><\/div>\n\n<\/div><\/div><\/div><\/div>\n\n<\/div><\/div>\n\n\n<hr class=\"wp-block-separator has-alpha-channel-opacity\"\/>\n\n\n\n<p><\/p>\n\n\n\n<div class=\"wp-block-columns is-layout-flex wp-container-core-columns-is-layout-9d6595d7 wp-block-columns-is-layout-flex\">\n<div class=\"wp-block-column is-layout-flow wp-block-column-is-layout-flow\" style=\"flex-basis:100%\"><style>.kadence-column15_641dc8-a5 > .kt-inside-inner-col,.kadence-column15_641dc8-a5 > .kt-inside-inner-col:before{border-top-left-radius:0px;border-top-right-radius:0px;border-bottom-right-radius:0px;border-bottom-left-radius:0px;}.kadence-column15_641dc8-a5 > .kt-inside-inner-col{column-gap:var(--global-kb-gap-sm, 1rem);}.kadence-column15_641dc8-a5 > .kt-inside-inner-col{flex-direction:column;}.kadence-column15_641dc8-a5 > .kt-inside-inner-col > .aligncenter{width:100%;}.kadence-column15_641dc8-a5 > .kt-inside-inner-col:before{opacity:0.3;}.kadence-column15_641dc8-a5{position:relative;}@media all and (max-width: 1024px){.kadence-column15_641dc8-a5 > .kt-inside-inner-col{flex-direction:column;justify-content:center;}}@media all and (max-width: 767px){.kadence-column15_641dc8-a5 > .kt-inside-inner-col{flex-direction:column;justify-content:center;}}<\/style>\n<div class=\"wp-block-kadence-column kadence-column15_641dc8-a5\"><div class=\"kt-inside-inner-col\">\n<div class=\"wp-block-columns is-layout-flex wp-container-core-columns-is-layout-9d6595d7 wp-block-columns-is-layout-flex\">\n<div class=\"wp-block-column is-layout-flow wp-block-column-is-layout-flow\" style=\"flex-basis:15%\"><\/div>\n\n\n\n<div class=\"wp-block-column is-layout-flow wp-block-column-is-layout-flow\" style=\"flex-basis:70%\">\n<p>p. <strong>Iwona Niedojad\u0142o<\/strong> \u2013 Kierowniczka O\u015brodka Wsparcia i Test\u00f3w<\/p>\n\n\n\n<p class=\"has-text-align-left\">p. <strong>Rafa\u0142 Sieradzan<\/strong> \u2013 Specjalista ds. technologii asystuj\u0105cych i obs\u0142ugi Beneficjent\u00f3w Ostatecznych<\/p>\n\n\n\n<p class=\"has-text-align-left\">p. <strong>Alicja Stelmaszczyk<\/strong> \u2013 Specjalistka ds. informacyjno-doradczych i obs\u0142ugi Beneficjent\u00f3w Ostatecznych<\/p>\n\n\n\n<p class=\"has-text-align-left\">p. <strong>Katarzyna Stelmaszczyk<\/strong> \u2013 Specjalistka ds. technologii asystuj\u0105cych i obs\u0142ugi Beneficjent\u00f3w Ostatecznych<\/p>\n\n\n\n<p>p. <strong>Agnieszka Dudek<\/strong> \u2013 Specjalistka ds. informacyjno-doradczych i obs\u0142ugi Beneficjent\u00f3w Ostatecznych<br><\/p>\n<\/div>\n\n\n\n<div class=\"wp-block-column is-layout-flow wp-block-column-is-layout-flow\" style=\"flex-basis:15%\"><\/div>\n<\/div>\n<\/div><\/div>\n<\/div>\n<\/div>\n\n\n\n<div class=\"wp-block-essential-blocks-button root-eb-button-3nzf9r4\"><div class=\"eb-parent-wrapper eb-parent-eb-button-3nzf9r4 \"><div class=\"eb-button-wrapper eb-button-alignment eb-button-3nzf9r4\"><div class=\"eb-button\"><div class=\"eb-button-inner-wrapper \"><a class=\"eb-button-anchor  \" href=\"https:\/\/flexi.webd.pro\/\" rel=\"noopener\">Wr\u00f3\u0107 do poprzedniej strony<\/a><\/div><\/div><\/div><\/div><\/div>\n\n\n\n<p><\/p>\n","protected":false},"excerpt":{"rendered":"<p>Zesp\u00f3\u0142 OWiT p. Iwona Niedojad\u0142o \u2013 Kierowniczka O\u015brodka Wsparcia i Test\u00f3w p. Rafa\u0142 Sieradzan \u2013 Specjalista ds. technologii asystuj\u0105cych i obs\u0142ugi Beneficjent\u00f3w Ostatecznych p. Alicja Stelmaszczyk \u2013 Specjalistka ds. informacyjno-doradczych i obs\u0142ugi Beneficjent\u00f3w Ostatecznych p. Katarzyna Stelmaszczyk \u2013 Specjalistka ds. technologii asystuj\u0105cych i obs\u0142ugi Beneficjent\u00f3w Ostatecznych p. Agnieszka Dudek \u2013 Specjalistka ds. informacyjno-doradczych i obs\u0142ugi&#8230;<\/p>\n","protected":false},"author":2,"featured_media":0,"parent":0,"menu_order":0,"comment_status":"closed","ping_status":"closed","template":"","meta":{"_eb_attr":"","_kadence_starter_templates_imported_post":true,"_kad_post_transparent":"","_kad_post_title":"hide","_kad_post_layout":"fullwidth","_kad_post_sidebar_id":"","_kad_post_content_style":"unboxed","_kad_post_vertical_padding":"hide","_kad_post_feature":"hide","_kad_post_feature_position":"","_kad_post_header":false,"_kad_post_footer":false,"_kad_post_classname":"","footnotes":""},"class_list":["post-15","page","type-page","status-publish","hentry"],"_links":{"self":[{"href":"https:\/\/owit.fleximind.pl\/index.php\/wp-json\/wp\/v2\/pages\/15","targetHints":{"allow":["GET"]}}],"collection":[{"href":"https:\/\/owit.fleximind.pl\/index.php\/wp-json\/wp\/v2\/pages"}],"about":[{"href":"https:\/\/owit.fleximind.pl\/index.php\/wp-json\/wp\/v2\/types\/page"}],"author":[{"embeddable":true,"href":"https:\/\/owit.fleximind.pl\/index.php\/wp-json\/wp\/v2\/users\/2"}],"replies":[{"embeddable":true,"href":"https:\/\/owit.fleximind.pl\/index.php\/wp-json\/wp\/v2\/comments?post=15"}],"version-history":[{"count":29,"href":"https:\/\/owit.fleximind.pl\/index.php\/wp-json\/wp\/v2\/pages\/15\/revisions"}],"predecessor-version":[{"id":1888,"href":"https:\/\/owit.fleximind.pl\/index.php\/wp-json\/wp\/v2\/pages\/15\/revisions\/1888"}],"wp:attachment":[{"href":"https:\/\/owit.fleximind.pl\/index.php\/wp-json\/wp\/v2\/media?parent=15"}],"curies":[{"name":"wp","href":"https:\/\/api.w.org\/{rel}","templated":true}]}}