{"id":465,"date":"2022-11-09T21:02:45","date_gmt":"2022-11-09T21:02:45","guid":{"rendered":"https:\/\/kadence.pixel-show.com\/influencer\/?page_id=465"},"modified":"2026-01-08T16:38:16","modified_gmt":"2026-01-08T16:38:16","slug":"pliki-do-pobrania","status":"publish","type":"page","link":"https:\/\/owit.fleximind.pl\/index.php\/pliki-do-pobrania\/","title":{"rendered":"Pliki do pobrania"},"content":{"rendered":"<style>.kb-row-layout-id465_b77bea-71 > .kt-row-column-wrap{align-content:start;}:where(.kb-row-layout-id465_b77bea-71 > .kt-row-column-wrap) > .wp-block-kadence-column{justify-content:start;}.kb-row-layout-id465_b77bea-71 > .kt-row-column-wrap{column-gap:var(--global-kb-gap-md, 2rem);row-gap:var(--global-kb-gap-md, 2rem);max-width:var( --global-content-width, 1290px );padding-left:var(--global-content-edge-padding);padding-right:var(--global-content-edge-padding);padding-top:60px;padding-bottom:60px;grid-template-columns:minmax(0, 1fr);}.kb-row-layout-id465_b77bea-71 > .kt-row-layout-overlay{opacity:0.30;}@media all and (max-width: 1024px){.kb-row-layout-id465_b77bea-71 > .kt-row-column-wrap{padding-top:60px;grid-template-columns:minmax(0, 1fr);}}@media all and (max-width: 767px){.kb-row-layout-id465_b77bea-71 > .kt-row-column-wrap{grid-template-columns:minmax(0, 1fr);}}<\/style><div class=\"kb-row-layout-wrap kb-row-layout-id465_b77bea-71 alignnone has-theme-palette8-background-color kt-row-has-bg wp-block-kadence-rowlayout\"><div class=\"kt-row-column-wrap kt-has-1-columns kt-row-layout-equal kt-tab-layout-inherit kt-mobile-layout-row kt-row-valign-top kb-theme-content-width\">\n<style>.kadence-column465_e0851e-1a > .kt-inside-inner-col,.kadence-column465_e0851e-1a > .kt-inside-inner-col:before{border-top-left-radius:0px;border-top-right-radius:0px;border-bottom-right-radius:0px;border-bottom-left-radius:0px;}.kadence-column465_e0851e-1a > .kt-inside-inner-col{column-gap:var(--global-kb-gap-sm, 1rem);}.kadence-column465_e0851e-1a > .kt-inside-inner-col{flex-direction:column;}.kadence-column465_e0851e-1a > .kt-inside-inner-col > .aligncenter{width:100%;}.kadence-column465_e0851e-1a > .kt-inside-inner-col:before{opacity:0.3;}.kadence-column465_e0851e-1a{position:relative;}@media all and (max-width: 1024px){.kadence-column465_e0851e-1a > .kt-inside-inner-col{flex-direction:column;justify-content:center;}}@media all and (max-width: 767px){.kadence-column465_e0851e-1a > .kt-inside-inner-col{flex-direction:column;justify-content:center;}}<\/style>\n<div class=\"wp-block-kadence-column kadence-column465_e0851e-1a inner-column-1\"><div class=\"kt-inside-inner-col\"><style>.kb-row-layout-id465_6e127d-05 > .kt-row-column-wrap{align-content:start;}:where(.kb-row-layout-id465_6e127d-05 > .kt-row-column-wrap) > .wp-block-kadence-column{justify-content:start;}.kb-row-layout-id465_6e127d-05 > .kt-row-column-wrap{column-gap:var(--global-kb-gap-md, 2rem);row-gap:var(--global-kb-gap-md, 2rem);max-width:600px;margin-left:auto;margin-right:auto;padding-top:0px;padding-bottom:0px;grid-template-columns:minmax(0, 1fr);}.kb-row-layout-id465_6e127d-05 > .kt-row-layout-overlay{opacity:0.30;}@media all and (max-width: 1024px){.kb-row-layout-id465_6e127d-05 > .kt-row-column-wrap{max-width:600px;margin-left:auto;margin-right:auto;grid-template-columns:minmax(0, 1fr);}}@media all and (max-width: 767px){.kb-row-layout-id465_6e127d-05 > .kt-row-column-wrap{grid-template-columns:minmax(0, 1fr);}}<\/style><div class=\"kb-row-layout-wrap kb-row-layout-id465_6e127d-05 alignnone wp-block-kadence-rowlayout\"><div class=\"kt-row-column-wrap kt-has-1-columns kt-row-layout-equal kt-tab-layout-inherit kt-mobile-layout-row kt-row-valign-top\">\n<style>.kadence-column465_f2c03c-8d > .kt-inside-inner-col,.kadence-column465_f2c03c-8d > .kt-inside-inner-col:before{border-top-left-radius:0px;border-top-right-radius:0px;border-bottom-right-radius:0px;border-bottom-left-radius:0px;}.kadence-column465_f2c03c-8d > .kt-inside-inner-col{column-gap:var(--global-kb-gap-sm, 1rem);}.kadence-column465_f2c03c-8d > .kt-inside-inner-col{flex-direction:column;}.kadence-column465_f2c03c-8d > .kt-inside-inner-col > .aligncenter{width:100%;}.kadence-column465_f2c03c-8d > .kt-inside-inner-col:before{opacity:0.3;}.kadence-column465_f2c03c-8d{position:relative;}@media all and (max-width: 1024px){.kadence-column465_f2c03c-8d > .kt-inside-inner-col{flex-direction:column;justify-content:center;}}@media all and (max-width: 767px){.kadence-column465_f2c03c-8d > .kt-inside-inner-col{flex-direction:column;justify-content:center;}}<\/style>\n<div class=\"wp-block-kadence-column kadence-column465_f2c03c-8d inner-column-1\"><div class=\"kt-inside-inner-col\"><style>.wp-block-kadence-advancedheading.kt-adv-heading465_92c8a1-36, .wp-block-kadence-advancedheading.kt-adv-heading465_92c8a1-36[data-kb-block=\"kb-adv-heading465_92c8a1-36\"]{margin-bottom:20px;text-align:center;font-size:70px;line-height:70px;font-style:normal;}.wp-block-kadence-advancedheading.kt-adv-heading465_92c8a1-36 mark.kt-highlight, .wp-block-kadence-advancedheading.kt-adv-heading465_92c8a1-36[data-kb-block=\"kb-adv-heading465_92c8a1-36\"] mark.kt-highlight{font-style:normal;color:#f76a0c;-webkit-box-decoration-break:clone;box-decoration-break:clone;padding-top:0px;padding-right:0px;padding-bottom:0px;padding-left:0px;}.wp-block-kadence-advancedheading.kt-adv-heading465_92c8a1-36 img.kb-inline-image, .wp-block-kadence-advancedheading.kt-adv-heading465_92c8a1-36[data-kb-block=\"kb-adv-heading465_92c8a1-36\"] img.kb-inline-image{width:150px;vertical-align:baseline;}@media all and (max-width: 1024px){.wp-block-kadence-advancedheading.kt-adv-heading465_92c8a1-36, .wp-block-kadence-advancedheading.kt-adv-heading465_92c8a1-36[data-kb-block=\"kb-adv-heading465_92c8a1-36\"]{font-size:55px;}}@media all and (max-width: 767px){.wp-block-kadence-advancedheading.kt-adv-heading465_92c8a1-36, .wp-block-kadence-advancedheading.kt-adv-heading465_92c8a1-36[data-kb-block=\"kb-adv-heading465_92c8a1-36\"]{font-size:45px;}}<\/style>\n<h1 class=\"kt-adv-heading465_92c8a1-36 wp-block-kadence-advancedheading\" data-kb-block=\"kb-adv-heading465_92c8a1-36\">Pliki do pobrania<\/h1>\n<\/div><\/div>\n\n<\/div><\/div><\/div><\/div>\n\n<\/div><\/div>\n\n<style>.kb-row-layout-id465_fa8841-1e > .kt-row-column-wrap{align-content:start;}:where(.kb-row-layout-id465_fa8841-1e > .kt-row-column-wrap) > .wp-block-kadence-column{justify-content:start;}.kb-row-layout-id465_fa8841-1e > .kt-row-column-wrap{column-gap:var(--global-kb-gap-md, 2rem);row-gap:var(--global-kb-gap-md, 2rem);max-width:var( --global-content-width, 1290px );padding-left:var(--global-content-edge-padding);padding-right:var(--global-content-edge-padding);padding-top:80px;padding-right:20px;padding-bottom:40px;padding-left:20px;grid-template-columns:repeat(2, minmax(0, 1fr));}.kb-row-layout-id465_fa8841-1e > .kt-row-layout-overlay{opacity:0.30;}@media all and (max-width: 1024px){.kb-row-layout-id465_fa8841-1e > .kt-row-column-wrap{padding-top:60px;padding-right:150px;padding-bottom:30px;padding-left:150px;grid-template-columns:repeat(2, minmax(0, 1fr));}}@media all and (max-width: 767px){.kb-row-layout-id465_fa8841-1e > .kt-row-column-wrap{padding-top:40px;padding-right:30px;padding-bottom:0px;padding-left:30px;grid-template-columns:minmax(0, 1fr);}}<\/style><div class=\"kb-row-layout-wrap kb-row-layout-id465_fa8841-1e alignnone has-theme-palette8-background-color kt-row-has-bg wp-block-kadence-rowlayout\"><div class=\"kt-row-column-wrap kt-has-2-columns kt-row-layout-equal kt-tab-layout-inherit kt-mobile-layout-row kt-row-valign-top kb-theme-content-width\">\n<style>.kadence-column465_12804f-6d > .kt-inside-inner-col,.kadence-column465_12804f-6d > .kt-inside-inner-col:before{border-top-left-radius:0px;border-top-right-radius:0px;border-bottom-right-radius:0px;border-bottom-left-radius:0px;}.kadence-column465_12804f-6d > .kt-inside-inner-col{column-gap:var(--global-kb-gap-sm, 1rem);}.kadence-column465_12804f-6d > .kt-inside-inner-col{flex-direction:column;}.kadence-column465_12804f-6d > .kt-inside-inner-col > .aligncenter{width:100%;}.kadence-column465_12804f-6d > .kt-inside-inner-col:before{opacity:0.3;}.kadence-column465_12804f-6d{position:relative;}@media all and (max-width: 1024px){.kadence-column465_12804f-6d > .kt-inside-inner-col{flex-direction:column;justify-content:center;}}@media all and (max-width: 767px){.kadence-column465_12804f-6d > .kt-inside-inner-col{flex-direction:column;justify-content:center;}}<\/style>\n<div class=\"wp-block-kadence-column kadence-column465_12804f-6d inner-column-1\"><div class=\"kt-inside-inner-col\"><style>.kb-row-layout-wrap.wp-block-kadence-rowlayout.kb-row-layout-id465_880bac-ad{margin-bottom:60px;}.kb-row-layout-id465_880bac-ad > .kt-row-column-wrap{align-content:start;}:where(.kb-row-layout-id465_880bac-ad > .kt-row-column-wrap) > .wp-block-kadence-column{justify-content:start;}.kb-row-layout-id465_880bac-ad > .kt-row-column-wrap{column-gap:var(--global-kb-gap-md, 2rem);row-gap:var(--global-kb-gap-none, 0rem );max-width:1000px;margin-left:auto;margin-right:auto;padding-top:0px;padding-right:0px;padding-bottom:0px;padding-left:0px;grid-template-columns:minmax(0, 1fr);}.kb-row-layout-id465_880bac-ad > .kt-row-layout-overlay{opacity:0.30;}@media all and (max-width: 1024px){.kb-row-layout-id465_880bac-ad > .kt-row-column-wrap{grid-template-columns:minmax(0, 1fr);}}@media all and (max-width: 767px){.kb-row-layout-id465_880bac-ad > .kt-row-column-wrap{grid-template-columns:minmax(0, 1fr);}}<\/style><div class=\"kb-row-layout-wrap kb-row-layout-id465_880bac-ad alignnone wp-block-kadence-rowlayout\"><div class=\"kt-row-column-wrap kt-has-1-columns kt-row-layout-equal kt-tab-layout-inherit kt-mobile-layout-row kt-row-valign-top\">\n<style>.kadence-column465_872ae1-25 > .kt-inside-inner-col,.kadence-column465_872ae1-25 > .kt-inside-inner-col:before{border-top-left-radius:0px;border-top-right-radius:0px;border-bottom-right-radius:0px;border-bottom-left-radius:0px;}.kadence-column465_872ae1-25 > .kt-inside-inner-col{column-gap:var(--global-kb-gap-sm, 1rem);}.kadence-column465_872ae1-25 > .kt-inside-inner-col{flex-direction:column;}.kadence-column465_872ae1-25 > .kt-inside-inner-col > .aligncenter{width:100%;}.kadence-column465_872ae1-25 > .kt-inside-inner-col:before{opacity:0.3;}.kadence-column465_872ae1-25{position:relative;}@media all and (max-width: 1024px){.kadence-column465_872ae1-25 > .kt-inside-inner-col{flex-direction:column;justify-content:center;}}@media all and (max-width: 767px){.kadence-column465_872ae1-25 > .kt-inside-inner-col{flex-direction:column;justify-content:center;}}<\/style>\n<div class=\"wp-block-kadence-column kadence-column465_872ae1-25 inner-column-1\"><div class=\"kt-inside-inner-col\"><style>.wp-block-kadence-advancedheading.kt-adv-heading465_10a1ba-63, .wp-block-kadence-advancedheading.kt-adv-heading465_10a1ba-63[data-kb-block=\"kb-adv-heading465_10a1ba-63\"]{padding-bottom:0px;margin-bottom:0px;font-size:var(--global-kb-font-size-xl, 3rem);font-style:normal;text-transform:none;}.wp-block-kadence-advancedheading.kt-adv-heading465_10a1ba-63 mark.kt-highlight, .wp-block-kadence-advancedheading.kt-adv-heading465_10a1ba-63[data-kb-block=\"kb-adv-heading465_10a1ba-63\"] mark.kt-highlight{font-style:normal;color:#f76a0c;-webkit-box-decoration-break:clone;box-decoration-break:clone;padding-top:0px;padding-right:0px;padding-bottom:0px;padding-left:0px;}.wp-block-kadence-advancedheading.kt-adv-heading465_10a1ba-63 img.kb-inline-image, .wp-block-kadence-advancedheading.kt-adv-heading465_10a1ba-63[data-kb-block=\"kb-adv-heading465_10a1ba-63\"] img.kb-inline-image{width:150px;vertical-align:baseline;}@media all and (max-width: 1024px){.wp-block-kadence-advancedheading.kt-adv-heading465_10a1ba-63, .wp-block-kadence-advancedheading.kt-adv-heading465_10a1ba-63[data-kb-block=\"kb-adv-heading465_10a1ba-63\"]{font-size:65px;text-align:center!important;}}@media all and (max-width: 767px){.wp-block-kadence-advancedheading.kt-adv-heading465_10a1ba-63, .wp-block-kadence-advancedheading.kt-adv-heading465_10a1ba-63[data-kb-block=\"kb-adv-heading465_10a1ba-63\"]{padding-bottom:20px;font-size:40px;line-height:48px;text-align:center!important;}}<\/style>\n<h1 class=\"kt-adv-heading465_10a1ba-63 wp-block-kadence-advancedheading\" data-kb-block=\"kb-adv-heading465_10a1ba-63\">Pliki w formacie DOC<\/h1>\n<\/div><\/div>\n\n<\/div><\/div>\n\n\n<div class=\"wp-block-file\"><a id=\"wp-block-file--media-bdaa314a-886d-46c6-a453-e3bc5abf3ac2\" style=\"font-size:20px;font-family:Arial\" href=\"https:\/\/owit.fleximind.pl\/index.php\/pliki-do-pobrania\/regulamin-osrodka-wsparcia-i-testow-w-opolu\/\">Regulamin-Osrodka-Wsparcia-i-Testow-w-Opolu<\/a><\/div>\n\n\n\n<div class=\"wp-block-file\"><a id=\"wp-block-file--media-bbf97649-d53d-42f9-9404-8cb603a333c8\" style=\"font-size:20px;font-family:Arial\" href=\"https:\/\/owit.fleximind.pl\/index.php\/pliki-do-pobrania\/zal-1-upowaznienie-dla-osob-trzecich-2\/\">Zal.-1-Upowaznienie-dla-osob-trzecich<\/a><\/div>\n\n\n\n<div class=\"wp-block-file\"><a id=\"wp-block-file--media-1968f1da-2590-490c-b253-b2cf17644134\" style=\"font-size:20px;font-family:Arial\" href=\"https:\/\/owit.fleximind.pl\/index.php\/pliki-do-pobrania\/zal-5-wniosek-o-nieodplatne-wypozyczenie-ta-2\/\">Zal.-5-Wniosek-o-nieodplatne-wypozyczenie-TA<\/a><\/div>\n\n\n\n<div class=\"wp-block-file\"><a id=\"wp-block-file--media-4a8aa43f-2cd5-464f-b45c-2db23367ee8c\" style=\"font-size:20px;font-family:Arial\" href=\"https:\/\/owit.fleximind.pl\/index.php\/pliki-do-pobrania\/zal-6-umowa-o-nieodplatne-wypozyczenie-ta-2\/\">Zal.-6-Umowa-o-nieodplatne-wypozyczenie-TA<\/a><\/div>\n\n\n\n<div class=\"wp-block-file\"><a id=\"wp-block-file--media-9320c760-27ba-4028-9d22-50c519e4a71b\" style=\"font-size:20px;font-family:Arial\" href=\"https:\/\/owit.fleximind.pl\/index.php\/pliki-do-pobrania\/zal-7-wniosek-o-przedluzenie-okresu-umowy-2\/\">Zal.-7-Wniosek-o-przedluzenie-okresu-umowy<\/a><\/div>\n\n\n\n<div class=\"wp-block-file\"><a id=\"wp-block-file--media-9320c760-27ba-4028-9d22-50c519e4a71b\" style=\"font-size:20px;font-family:Arial\" href=\"https:\/\/owit.fleximind.pl\/wp-content\/uploads\/2024\/11\/Wyjasnienie-do-wniosku-o-nieodplatne-wypozyczenie-ETR.docx\">Wyja\u015bnienie do wniosku o nieodp\u0142atne&#8230;<\/a><\/div>\n\n\n\n<div class=\"wp-block-file\"><a id=\"wp-block-file--media-9320c760-27ba-4028-9d22-50c519e4a71b\" style=\"font-size:20px;font-family:Arial\" href=\"https:\/\/owit.fleximind.pl\/wp-content\/uploads\/2024\/11\/Wyjasnienie-do-umowy-o-nieodplatne-wypozyczenie-ETR.docx\">Wyja\u015bnienie do umowy&#8230;<\/a><\/div>\n<\/div><\/div>\n\n\n<style>.kadence-column465_4b0fcf-d1 > .kt-inside-inner-col,.kadence-column465_4b0fcf-d1 > .kt-inside-inner-col:before{border-top-left-radius:0px;border-top-right-radius:0px;border-bottom-right-radius:0px;border-bottom-left-radius:0px;}.kadence-column465_4b0fcf-d1 > .kt-inside-inner-col{column-gap:var(--global-kb-gap-sm, 1rem);}.kadence-column465_4b0fcf-d1 > .kt-inside-inner-col{flex-direction:column;}.kadence-column465_4b0fcf-d1 > .kt-inside-inner-col > .aligncenter{width:100%;}.kadence-column465_4b0fcf-d1 > .kt-inside-inner-col:before{opacity:0.3;}.kadence-column465_4b0fcf-d1{position:relative;}@media all and (max-width: 1024px){.kadence-column465_4b0fcf-d1 > .kt-inside-inner-col{flex-direction:column;justify-content:center;}}@media all and (max-width: 767px){.kadence-column465_4b0fcf-d1 > .kt-inside-inner-col{flex-direction:column;justify-content:center;}}<\/style>\n<div class=\"wp-block-kadence-column kadence-column465_4b0fcf-d1\"><div class=\"kt-inside-inner-col\"><style>.wp-block-kadence-advancedheading.kt-adv-heading465_5b6808-72, .wp-block-kadence-advancedheading.kt-adv-heading465_5b6808-72[data-kb-block=\"kb-adv-heading465_5b6808-72\"]{font-size:var(--global-kb-font-size-xl, 3rem);font-style:normal;}.wp-block-kadence-advancedheading.kt-adv-heading465_5b6808-72 mark.kt-highlight, .wp-block-kadence-advancedheading.kt-adv-heading465_5b6808-72[data-kb-block=\"kb-adv-heading465_5b6808-72\"] mark.kt-highlight{font-style:normal;color:#f76a0c;-webkit-box-decoration-break:clone;box-decoration-break:clone;padding-top:0px;padding-right:0px;padding-bottom:0px;padding-left:0px;}.wp-block-kadence-advancedheading.kt-adv-heading465_5b6808-72 img.kb-inline-image, .wp-block-kadence-advancedheading.kt-adv-heading465_5b6808-72[data-kb-block=\"kb-adv-heading465_5b6808-72\"] img.kb-inline-image{width:150px;vertical-align:baseline;}<\/style>\n<h1 class=\"kt-adv-heading465_5b6808-72 wp-block-kadence-advancedheading\" data-kb-block=\"kb-adv-heading465_5b6808-72\">Pliki w formacie PDF<\/h1>\n\n\n\n<div class=\"wp-block-file\"><a id=\"wp-block-file--media-ca07f7df-ea2b-4f47-b9b0-8a92281d7bb9\" style=\"font-size:20px;font-family:Arial\" href=\"https:\/\/owit.fleximind.pl\/wp-content\/uploads\/2023\/11\/Regulamin-Osrodka-Wsparcia-i-Testow-w-Opolu.pdf\">Regulamin-Osrodka-Wsparcia-i-Testow-w-Opolu<\/a><\/div>\n\n\n\n<div class=\"wp-block-file\"><a id=\"wp-block-file--media-6bc41114-71bb-4ec1-af52-a26259ae9f24\" style=\"font-size:20px;font-family:Arial\" href=\"https:\/\/owit.fleximind.pl\/wp-content\/uploads\/2023\/11\/Zal.-1-Upowaznienie-dla-osob-trzecich.pdf\">Zal.-1-Upowaznienie-dla-osob-trzecich<\/a><\/div>\n\n\n\n<div class=\"wp-block-file\"><a id=\"wp-block-file--media-7c1915e8-e0d6-4dc4-9de5-8b4bbc973232\" style=\"font-size:20px;font-family:Arial\" href=\"https:\/\/owit.fleximind.pl\/wp-content\/uploads\/2023\/11\/Zal.-5-Wniosek-o-nieodplatne-wypozyczenie-TA.pdf\">Zal.-5-Wniosek-o-nieodplatne-wypozyczenie-TA<\/a><\/div>\n\n\n\n<div class=\"wp-block-file\"><a id=\"wp-block-file--media-124e1ada-2dc0-4ffe-87ea-8ca2731bce25\" style=\"font-size:20px;font-family:Arial\" href=\"https:\/\/owit.fleximind.pl\/wp-content\/uploads\/2023\/11\/Zal.-6-Umowa-o-nieodplatne-wypozyczenie-TA.pdf\">Zal.-6-Umowa-o-nieodplatne-wypozyczenie-TA<\/a><\/div>\n\n\n\n<div class=\"wp-block-file\"><a id=\"wp-block-file--media-01730afb-e8ea-4e81-87bd-8b1cf645cd44\" style=\"font-size:20px;font-family:Arial\" href=\"https:\/\/owit.fleximind.pl\/wp-content\/uploads\/2023\/11\/Zal.-7-Wniosek-o-przedluzenie-okresu-umowy.pdf\">Zal.-7-Wniosek-o-przedluzenie-okresu-umowy<\/a><\/div>\n\n\n\n<div class=\"wp-block-file\"><a id=\"wp-block-file--media-01730afb-e8ea-4e81-87bd-8b1cf645cd44\" style=\"font-size:20px;font-family:Arial\" href=\"https:\/\/owit.fleximind.pl\/wp-content\/uploads\/2024\/11\/Wyjasnienie-do-wniosku-o-nieodplatne-wypozyczenie-ETR.pdf\">Wyjanienie do wniosku o nieodp\u0142atne&#8230;<\/a><\/div>\n\n\n\n<div class=\"wp-block-file\"><a id=\"wp-block-file--media-01730afb-e8ea-4e81-87bd-8b1cf645cd44\" style=\"font-size:20px;font-family:Arial\" href=\"https:\/\/owit.fleximind.pl\/wp-content\/uploads\/2024\/11\/Wyjasnienie-do-umowy-o-nieodplatne-wypozyczenie-ETR.pdf\">Wyjanienie do umowy&#8230;<\/a><\/div>\n<\/div><\/div>\n\n<\/div><\/div>\n\n\n<hr class=\"wp-block-separator has-alpha-channel-opacity\"\/>\n\n\n\n<div class=\"wp-block-essential-blocks-button root-eb-button-3nzf9r4\"><div class=\"eb-parent-wrapper eb-parent-eb-button-3nzf9r4 \"><div class=\"eb-button-wrapper eb-button-alignment eb-button-3nzf9r4\"><div class=\"eb-button\"><div class=\"eb-button-inner-wrapper \"><a class=\"eb-button-anchor  \" href=\"https:\/\/flexi.webd.pro\/\" rel=\"noopener\">Wr\u00f3\u0107 do poprzedniej strony<\/a><\/div><\/div><\/div><\/div><\/div>\n","protected":false},"excerpt":{"rendered":"<p>Pliki do pobrania Pliki w formacie DOC Regulamin-Osrodka-Wsparcia-i-Testow-w-Opolu Zal.-1-Upowaznienie-dla-osob-trzecich Zal.-5-Wniosek-o-nieodplatne-wypozyczenie-TA Zal.-6-Umowa-o-nieodplatne-wypozyczenie-TA Zal.-7-Wniosek-o-przedluzenie-okresu-umowy Wyja\u015bnienie do wniosku o nieodp\u0142atne&#8230; Wyja\u015bnienie do umowy&#8230; Pliki w formacie PDF Regulamin-Osrodka-Wsparcia-i-Testow-w-Opolu Zal.-1-Upowaznienie-dla-osob-trzecich Zal.-5-Wniosek-o-nieodplatne-wypozyczenie-TA Zal.-6-Umowa-o-nieodplatne-wypozyczenie-TA Zal.-7-Wniosek-o-przedluzenie-okresu-umowy Wyjanienie do wniosku o nieodp\u0142atne&#8230; Wyjanienie do umowy&#8230;<\/p>\n","protected":false},"author":2,"featured_media":0,"parent":0,"menu_order":0,"comment_status":"closed","ping_status":"closed","template":"","meta":{"_eb_attr":"","_kadence_starter_templates_imported_post":true,"_kad_post_transparent":"","_kad_post_title":"hide","_kad_post_layout":"fullwidth","_kad_post_sidebar_id":"","_kad_post_content_style":"unboxed","_kad_post_vertical_padding":"hide","_kad_post_feature":"hide","_kad_post_feature_position":"","_kad_post_header":false,"_kad_post_footer":false,"_kad_post_classname":"","footnotes":""},"class_list":["post-465","page","type-page","status-publish","hentry"],"_links":{"self":[{"href":"https:\/\/owit.fleximind.pl\/index.php\/wp-json\/wp\/v2\/pages\/465","targetHints":{"allow":["GET"]}}],"collection":[{"href":"https:\/\/owit.fleximind.pl\/index.php\/wp-json\/wp\/v2\/pages"}],"about":[{"href":"https:\/\/owit.fleximind.pl\/index.php\/wp-json\/wp\/v2\/types\/page"}],"author":[{"embeddable":true,"href":"https:\/\/owit.fleximind.pl\/index.php\/wp-json\/wp\/v2\/users\/2"}],"replies":[{"embeddable":true,"href":"https:\/\/owit.fleximind.pl\/index.php\/wp-json\/wp\/v2\/comments?post=465"}],"version-history":[{"count":25,"href":"https:\/\/owit.fleximind.pl\/index.php\/wp-json\/wp\/v2\/pages\/465\/revisions"}],"predecessor-version":[{"id":1887,"href":"https:\/\/owit.fleximind.pl\/index.php\/wp-json\/wp\/v2\/pages\/465\/revisions\/1887"}],"wp:attachment":[{"href":"https:\/\/owit.fleximind.pl\/index.php\/wp-json\/wp\/v2\/media?parent=465"}],"curies":[{"name":"wp","href":"https:\/\/api.w.org\/{rel}","templated":true}]}}