{"id":649,"date":"2023-11-29T14:27:39","date_gmt":"2023-11-29T14:27:39","guid":{"rendered":"http:\/\/flexi.webd.pro\/?page_id=649"},"modified":"2026-01-08T16:37:19","modified_gmt":"2026-01-08T16:37:19","slug":"oowit","status":"publish","type":"page","link":"https:\/\/owit.fleximind.pl\/index.php\/oowit\/","title":{"rendered":"O OWiT"},"content":{"rendered":"<style>.kb-row-layout-id649_e2808f-2d > .kt-row-column-wrap{align-content:start;}:where(.kb-row-layout-id649_e2808f-2d > .kt-row-column-wrap) > .wp-block-kadence-column{justify-content:start;}.kb-row-layout-id649_e2808f-2d > .kt-row-column-wrap{column-gap:var(--global-kb-gap-md, 2rem);row-gap:var(--global-kb-gap-md, 2rem);max-width:var( --global-content-width, 1290px );padding-left:var(--global-content-edge-padding);padding-right:var(--global-content-edge-padding);padding-top:60px;padding-bottom:60px;grid-template-columns:minmax(0, 1fr);}.kb-row-layout-id649_e2808f-2d > .kt-row-layout-overlay{opacity:0.30;}@media all and (max-width: 1024px){.kb-row-layout-id649_e2808f-2d > .kt-row-column-wrap{padding-top:60px;grid-template-columns:minmax(0, 1fr);}}@media all and (max-width: 767px){.kb-row-layout-id649_e2808f-2d > .kt-row-column-wrap{padding-top:60px;padding-right:30px;padding-bottom:60px;padding-left:30px;grid-template-columns:minmax(0, 1fr);}}<\/style><div class=\"kb-row-layout-wrap kb-row-layout-id649_e2808f-2d alignnone has-theme-palette8-background-color kt-row-has-bg wp-block-kadence-rowlayout\"><div class=\"kt-row-column-wrap kt-has-1-columns kt-row-layout-equal kt-tab-layout-inherit kt-mobile-layout-row kt-row-valign-top kb-theme-content-width\">\n<style>.kadence-column649_63a81a-6b > .kt-inside-inner-col,.kadence-column649_63a81a-6b > .kt-inside-inner-col:before{border-top-left-radius:0px;border-top-right-radius:0px;border-bottom-right-radius:0px;border-bottom-left-radius:0px;}.kadence-column649_63a81a-6b > .kt-inside-inner-col{column-gap:var(--global-kb-gap-sm, 1rem);}.kadence-column649_63a81a-6b > .kt-inside-inner-col{flex-direction:column;}.kadence-column649_63a81a-6b > .kt-inside-inner-col > .aligncenter{width:100%;}.kadence-column649_63a81a-6b > .kt-inside-inner-col:before{opacity:0.3;}.kadence-column649_63a81a-6b{position:relative;}@media all and (max-width: 1024px){.kadence-column649_63a81a-6b > .kt-inside-inner-col{flex-direction:column;justify-content:center;}}@media all and (max-width: 767px){.kadence-column649_63a81a-6b > .kt-inside-inner-col{flex-direction:column;justify-content:center;}}<\/style>\n<div class=\"wp-block-kadence-column kadence-column649_63a81a-6b inner-column-1\"><div class=\"kt-inside-inner-col\"><style>.kb-row-layout-id649_c77319-d8 > .kt-row-column-wrap{align-content:start;}:where(.kb-row-layout-id649_c77319-d8 > .kt-row-column-wrap) > .wp-block-kadence-column{justify-content:start;}.kb-row-layout-id649_c77319-d8 > .kt-row-column-wrap{column-gap:var(--global-kb-gap-md, 2rem);row-gap:var(--global-kb-gap-md, 2rem);max-width:600px;margin-left:auto;margin-right:auto;padding-top:0px;padding-bottom:0px;grid-template-columns:minmax(0, 1fr);}.kb-row-layout-id649_c77319-d8 > .kt-row-layout-overlay{opacity:0.30;}@media all and (max-width: 1024px){.kb-row-layout-id649_c77319-d8 > .kt-row-column-wrap{max-width:600px;margin-left:auto;margin-right:auto;grid-template-columns:minmax(0, 1fr);}}@media all and (max-width: 767px){.kb-row-layout-id649_c77319-d8 > .kt-row-column-wrap{grid-template-columns:minmax(0, 1fr);}}<\/style><div class=\"kb-row-layout-wrap kb-row-layout-id649_c77319-d8 alignnone wp-block-kadence-rowlayout\"><div class=\"kt-row-column-wrap kt-has-1-columns kt-row-layout-equal kt-tab-layout-inherit kt-mobile-layout-row kt-row-valign-top\">\n<style>.kadence-column649_7f7049-d9 > .kt-inside-inner-col,.kadence-column649_7f7049-d9 > .kt-inside-inner-col:before{border-top-left-radius:0px;border-top-right-radius:0px;border-bottom-right-radius:0px;border-bottom-left-radius:0px;}.kadence-column649_7f7049-d9 > .kt-inside-inner-col{column-gap:var(--global-kb-gap-sm, 1rem);}.kadence-column649_7f7049-d9 > .kt-inside-inner-col{flex-direction:column;}.kadence-column649_7f7049-d9 > .kt-inside-inner-col > .aligncenter{width:100%;}.kadence-column649_7f7049-d9 > .kt-inside-inner-col:before{opacity:0.3;}.kadence-column649_7f7049-d9{position:relative;}@media all and (max-width: 1024px){.kadence-column649_7f7049-d9 > .kt-inside-inner-col{flex-direction:column;justify-content:center;}}@media all and (max-width: 767px){.kadence-column649_7f7049-d9 > .kt-inside-inner-col{flex-direction:column;justify-content:center;}}<\/style>\n<div class=\"wp-block-kadence-column kadence-column649_7f7049-d9 inner-column-1\"><div class=\"kt-inside-inner-col\">\n<figure class=\"wp-block-gallery has-nested-images columns-default is-cropped wp-block-gallery-1 is-layout-flex wp-block-gallery-is-layout-flex\">\n<figure class=\"wp-block-image size-large\"><img loading=\"lazy\" decoding=\"async\" width=\"1024\" height=\"577\" data-id=\"582\" src=\"http:\/\/flexi.webd.pro\/wp-content\/uploads\/2023\/11\/LOGO-OWIT-4alfa--1024x577.png\" alt=\"\" class=\"wp-image-582\" srcset=\"https:\/\/owit.fleximind.pl\/wp-content\/uploads\/2023\/11\/LOGO-OWIT-4alfa--1024x577.png 1024w, https:\/\/owit.fleximind.pl\/wp-content\/uploads\/2023\/11\/LOGO-OWIT-4alfa--300x169.png 300w, https:\/\/owit.fleximind.pl\/wp-content\/uploads\/2023\/11\/LOGO-OWIT-4alfa--768x433.png 768w, https:\/\/owit.fleximind.pl\/wp-content\/uploads\/2023\/11\/LOGO-OWIT-4alfa-.png 1500w\" sizes=\"auto, (max-width: 1024px) 100vw, 1024px\" \/><\/figure>\n<\/figure>\n<\/div><\/div>\n\n<\/div><\/div><\/div><\/div>\n\n<\/div><\/div>\n\n<style>.kb-row-layout-id649_9b6f43-59 > .kt-row-column-wrap{align-content:start;}:where(.kb-row-layout-id649_9b6f43-59 > .kt-row-column-wrap) > .wp-block-kadence-column{justify-content:start;}.kb-row-layout-id649_9b6f43-59 > .kt-row-column-wrap{column-gap:var(--global-kb-gap-none, 0rem );row-gap:var(--global-kb-gap-md, 2rem);max-width:var( --global-content-width, 1290px );padding-left:var(--global-content-edge-padding);padding-right:var(--global-content-edge-padding);padding-top:0px;padding-right:20px;padding-bottom:80px;padding-left:20px;grid-template-columns:minmax(0, 1fr);}.kb-row-layout-id649_9b6f43-59 > .kt-row-layout-overlay{opacity:0.30;}@media all and (max-width: 1024px){.kb-row-layout-wrap.wp-block-kadence-rowlayout.kb-row-layout-id649_9b6f43-59{margin-top:0px;}}@media all and (max-width: 1024px){.kb-row-layout-id649_9b6f43-59 > .kt-row-column-wrap{padding-top:0px;padding-right:150px;padding-bottom:60px;padding-left:150px;grid-template-columns:minmax(0, 1fr);}}@media all and (max-width: 767px){.kb-row-layout-id649_9b6f43-59 > .kt-row-column-wrap{padding-top:0px;padding-right:30px;padding-bottom:40px;padding-left:30px;grid-template-columns:minmax(0, 1fr);}}<\/style><div class=\"kb-row-layout-wrap kb-row-layout-id649_9b6f43-59 alignnone has-theme-palette8-background-color kt-row-has-bg wp-block-kadence-rowlayout\"><div class=\"kt-row-column-wrap kt-has-1-columns kt-row-layout-equal kt-tab-layout-inherit kt-mobile-layout-row kt-row-valign-top kb-theme-content-width\">\n<style>.kadence-column649_0a9d87-65 > .kt-inside-inner-col,.kadence-column649_0a9d87-65 > .kt-inside-inner-col:before{border-top-left-radius:0px;border-top-right-radius:0px;border-bottom-right-radius:0px;border-bottom-left-radius:0px;}.kadence-column649_0a9d87-65 > .kt-inside-inner-col{column-gap:var(--global-kb-gap-sm, 1rem);}.kadence-column649_0a9d87-65 > .kt-inside-inner-col{flex-direction:column;}.kadence-column649_0a9d87-65 > .kt-inside-inner-col > .aligncenter{width:100%;}.kadence-column649_0a9d87-65 > .kt-inside-inner-col:before{opacity:0.3;}.kadence-column649_0a9d87-65{position:relative;}.kadence-column649_0a9d87-65, .kt-inside-inner-col > .kadence-column649_0a9d87-65:not(.specificity){margin-right:15px;margin-left:15px;}@media all and (max-width: 1024px){.kadence-column649_0a9d87-65 > .kt-inside-inner-col{flex-direction:column;justify-content:center;}}@media all and (max-width: 1024px){.kadence-column649_0a9d87-65, .kt-inside-inner-col > .kadence-column649_0a9d87-65:not(.specificity){margin-top:0px;margin-right:0px;margin-bottom:0px;margin-left:0px;}}@media all and (max-width: 767px){.kadence-column649_0a9d87-65 > .kt-inside-inner-col{flex-direction:column;justify-content:center;}.kadence-column649_0a9d87-65, .kt-inside-inner-col > .kadence-column649_0a9d87-65:not(.specificity){margin-top:0px;margin-right:0px;margin-bottom:0px;margin-left:0px;}}<\/style>\n<div class=\"wp-block-kadence-column kadence-column649_0a9d87-65 inner-column-2\"><div class=\"kt-inside-inner-col\">\n<p>O\u015brodek Wsparcia i Test\u00f3w w Opolu (dalej: OWiT) otworzyli\u015bmy 25 stycznia 2023 roku.<\/p>\n\n\n\n<p>O\u015brodek dzia\u0142a w ramach Programu Pa\u0144stwowego Funduszu Rehabilitacji Os\u00f3b Niepe\u0142nosprawnych pn. \u201eCentra informacyjno-doradcze dla os\u00f3b z niepe\u0142nosprawno\u015bci\u0105\u201d. Prowadzony jest przez Fundacj\u0119 Flexi Mind z siedzib\u0105 w D\u0119bskiej Ku\u017ani.<\/p>\n\n\n\n<p>Wspieramy osoby z niepe\u0142nosprawno\u015bciami wzroku, s\u0142uchu, ko\u0144czyn g\u00f3rnych i dolnych, do\u015bwiadczaj\u0105cych problem\u00f3w w porozumiewaniu si\u0119 za pomoc\u0105 mowy.&nbsp;<\/p>\n\n\n\n<p>W OWiT mo\u017cesz wypo\u017cyczy\u0107 technologie asystuj\u0105ce do testowania, a nasi specjali\u015bci i specjalistki doradz\u0105 w doborze sprz\u0119tu do Twoich potrzeb.<\/p>\n\n\n\n<p>O\u015brodek jest wolny od barier architektonicznych oraz dost\u0119pny komunikacyjnie (telefonicznie i mailowo).<\/p>\n\n\n\n<p>Z formami wsparcia udzielanego przez OWiT zapoznasz si\u0119 w zak\u0142adce&nbsp;<a href=\"https:\/\/owit.fleximind.pl\/index.php\/realizowane-zadania\/\">Nasza oferta<\/a>.<\/p>\n\n\n\n<p>Zadanie finansowane jest ze \u015brodk\u00f3w Pa\u0144stwowego Funduszu Rehabilitacji Os\u00f3b Niepe\u0142nosprawnych: <\/p>\n\n\n\n<p>&#8211; w okresie od 1.09.2022 r. do 31.12.2024 r. w kwocie 1&nbsp;777 281,16 z\u0142,<\/p>\n\n\n\n<p>&#8211; w okresie 1.01.2025 r. do 31.12.2027 r. w kwocie 3 325 200,00 z\u0142.<\/p>\n<\/div><\/div>\n\n<\/div><\/div>\n\n\n<p><\/p>\n\n\n\n<hr class=\"wp-block-separator has-alpha-channel-opacity\"\/>\n\n\n\n<p class=\"has-text-align-center has-medium-font-size\">Informacja o dzia\u0142alno\u015bci OWiT w tek\u015bcie \u0142atwym do czytania ETR<\/p>\n\n\n\n<p class=\"has-text-align-center has-medium-font-size\"><a href=\"https:\/\/owit.fleximind.pl\/wp-content\/uploads\/2024\/11\/Informacja-o-dzialanosci-OWiT_z-opisem-logo-ETR.docx\" data-type=\"attachment\" data-id=\"1456\">Pobierz plik DOC<\/a><\/p>\n\n\n\n<p class=\"has-text-align-center has-medium-font-size\"><a href=\"https:\/\/owit.fleximind.pl\/wp-content\/uploads\/2024\/11\/Informacja-o-dzialanosci-OWiT_z-opisem-logo-ETR.pdf\" data-type=\"attachment\" data-id=\"1457\">Pobierz plik PDF<\/a><\/p>\n\n\n\n<div class=\"wp-block-columns alignwide are-vertically-aligned-center is-layout-flex wp-container-core-columns-is-layout-9d6595d7 wp-block-columns-is-layout-flex\">\n<div class=\"wp-block-column is-vertically-aligned-center is-layout-flow wp-block-column-is-layout-flow\" style=\"flex-basis:20%\">\n<div class=\"wp-block-group alignfull\"><div class=\"wp-block-group__inner-container is-layout-constrained wp-block-group-is-layout-constrained\"><\/div><\/div>\n<\/div>\n\n\n\n<div class=\"wp-block-column has-theme-palette-1-background-color has-background is-layout-flow wp-block-column-is-layout-flow\" style=\"flex-basis:60%\">\n<figure style=\"margin-top:var(--wp--preset--spacing--20);margin-right:var(--wp--preset--spacing--20);margin-bottom:var(--wp--preset--spacing--20);margin-left:var(--wp--preset--spacing--20)\" class=\"wp-block-video\"><video height=\"1080\" style=\"aspect-ratio: 1920 \/ 1080;\" width=\"1920\" autoplay controls src=\"https:\/\/owit.fleximind.pl\/wp-content\/uploads\/2025\/05\/Osrodek-Wsparcia-i-Testow-z-napisami-i-PJM.mp4\"><\/video><\/figure>\n<\/div>\n\n\n\n<div class=\"wp-block-column is-layout-flow wp-block-column-is-layout-flow\" style=\"flex-basis:20%\"><\/div>\n<\/div>\n\n\n\n<div class=\"wp-block-essential-blocks-button root-eb-button-3nzf9r4\"><div class=\"eb-parent-wrapper eb-parent-eb-button-3nzf9r4 \"><div class=\"eb-button-wrapper eb-button-alignment eb-button-3nzf9r4\"><div class=\"eb-button\"><div class=\"eb-button-inner-wrapper \"><a class=\"eb-button-anchor  \" href=\"https:\/\/flexi.webd.pro\/\" rel=\"noopener\">Wr\u00f3\u0107 do poprzedniej strony<\/a><\/div><\/div><\/div><\/div><\/div>\n\n\n\n<p><\/p>\n","protected":false},"excerpt":{"rendered":"<p>O\u015brodek Wsparcia i Test\u00f3w w Opolu (dalej: OWiT) otworzyli\u015bmy 25 stycznia 2023 roku. O\u015brodek dzia\u0142a w ramach Programu Pa\u0144stwowego Funduszu Rehabilitacji Os\u00f3b Niepe\u0142nosprawnych pn. \u201eCentra informacyjno-doradcze dla os\u00f3b z niepe\u0142nosprawno\u015bci\u0105\u201d. Prowadzony jest przez Fundacj\u0119 Flexi Mind z siedzib\u0105 w D\u0119bskiej Ku\u017ani. Wspieramy osoby z niepe\u0142nosprawno\u015bciami wzroku, s\u0142uchu, ko\u0144czyn g\u00f3rnych i dolnych, do\u015bwiadczaj\u0105cych problem\u00f3w w porozumiewaniu&#8230;<\/p>\n","protected":false},"author":2,"featured_media":0,"parent":0,"menu_order":0,"comment_status":"closed","ping_status":"closed","template":"","meta":{"_eb_attr":"","_kadence_starter_templates_imported_post":true,"_kad_post_transparent":"","_kad_post_title":"hide","_kad_post_layout":"fullwidth","_kad_post_sidebar_id":"","_kad_post_content_style":"unboxed","_kad_post_vertical_padding":"hide","_kad_post_feature":"hide","_kad_post_feature_position":"","_kad_post_header":false,"_kad_post_footer":false,"_kad_post_classname":"","footnotes":""},"class_list":["post-649","page","type-page","status-publish","hentry"],"_links":{"self":[{"href":"https:\/\/owit.fleximind.pl\/index.php\/wp-json\/wp\/v2\/pages\/649","targetHints":{"allow":["GET"]}}],"collection":[{"href":"https:\/\/owit.fleximind.pl\/index.php\/wp-json\/wp\/v2\/pages"}],"about":[{"href":"https:\/\/owit.fleximind.pl\/index.php\/wp-json\/wp\/v2\/types\/page"}],"author":[{"embeddable":true,"href":"https:\/\/owit.fleximind.pl\/index.php\/wp-json\/wp\/v2\/users\/2"}],"replies":[{"embeddable":true,"href":"https:\/\/owit.fleximind.pl\/index.php\/wp-json\/wp\/v2\/comments?post=649"}],"version-history":[{"count":50,"href":"https:\/\/owit.fleximind.pl\/index.php\/wp-json\/wp\/v2\/pages\/649\/revisions"}],"predecessor-version":[{"id":1886,"href":"https:\/\/owit.fleximind.pl\/index.php\/wp-json\/wp\/v2\/pages\/649\/revisions\/1886"}],"wp:attachment":[{"href":"https:\/\/owit.fleximind.pl\/index.php\/wp-json\/wp\/v2\/media?parent=649"}],"curies":[{"name":"wp","href":"https:\/\/api.w.org\/{rel}","templated":true}]}}