{"id":777,"date":"2023-12-02T10:48:04","date_gmt":"2023-12-02T10:48:04","guid":{"rendered":"http:\/\/flexi.webd.pro\/?page_id=777"},"modified":"2025-05-11T18:37:09","modified_gmt":"2025-05-11T18:37:09","slug":"wypozyczalna-technologii-wspomagajacych","status":"publish","type":"page","link":"https:\/\/owit.fleximind.pl\/index.php\/wypozyczalna-technologii-wspomagajacych\/","title":{"rendered":"Pracodawcy oraz podmioty prowadz\u0105ce edukacj\u0119"},"content":{"rendered":"<style>.kb-row-layout-id777_02dd79-8d > .kt-row-column-wrap{align-content:start;}:where(.kb-row-layout-id777_02dd79-8d > .kt-row-column-wrap) > .wp-block-kadence-column{justify-content:start;}.kb-row-layout-id777_02dd79-8d > .kt-row-column-wrap{column-gap:var(--global-kb-gap-md, 2rem);row-gap:var(--global-kb-gap-md, 2rem);max-width:var( --global-content-width, 1290px );padding-left:var(--global-content-edge-padding);padding-right:var(--global-content-edge-padding);padding-top:60px;padding-bottom:60px;grid-template-columns:minmax(0, 1fr);}.kb-row-layout-id777_02dd79-8d > .kt-row-layout-overlay{opacity:0.30;}@media all and (max-width: 1024px){.kb-row-layout-id777_02dd79-8d > .kt-row-column-wrap{padding-top:60px;grid-template-columns:minmax(0, 1fr);}}@media all and (max-width: 767px){.kb-row-layout-id777_02dd79-8d > .kt-row-column-wrap{grid-template-columns:minmax(0, 1fr);}}<\/style><div class=\"kb-row-layout-wrap kb-row-layout-id777_02dd79-8d alignnone has-theme-palette8-background-color kt-row-has-bg wp-block-kadence-rowlayout\"><div class=\"kt-row-column-wrap kt-has-1-columns kt-row-layout-equal kt-tab-layout-inherit kt-mobile-layout-row kt-row-valign-top kb-theme-content-width\">\n<style>.kadence-column777_23d14c-b2 > .kt-inside-inner-col,.kadence-column777_23d14c-b2 > .kt-inside-inner-col:before{border-top-left-radius:0px;border-top-right-radius:0px;border-bottom-right-radius:0px;border-bottom-left-radius:0px;}.kadence-column777_23d14c-b2 > .kt-inside-inner-col{column-gap:var(--global-kb-gap-sm, 1rem);}.kadence-column777_23d14c-b2 > .kt-inside-inner-col{flex-direction:column;}.kadence-column777_23d14c-b2 > .kt-inside-inner-col > .aligncenter{width:100%;}.kadence-column777_23d14c-b2 > .kt-inside-inner-col:before{opacity:0.3;}.kadence-column777_23d14c-b2{position:relative;}@media all and (max-width: 1024px){.kadence-column777_23d14c-b2 > .kt-inside-inner-col{flex-direction:column;justify-content:center;}}@media all and (max-width: 767px){.kadence-column777_23d14c-b2 > .kt-inside-inner-col{flex-direction:column;justify-content:center;}}<\/style>\n<div class=\"wp-block-kadence-column kadence-column777_23d14c-b2 inner-column-1\"><div class=\"kt-inside-inner-col\"><style>.wp-block-kadence-advancedheading.kt-adv-heading777_b7202b-b5, .wp-block-kadence-advancedheading.kt-adv-heading777_b7202b-b5[data-kb-block=\"kb-adv-heading777_b7202b-b5\"]{text-align:center;font-size:30px;font-style:normal;}.wp-block-kadence-advancedheading.kt-adv-heading777_b7202b-b5 mark.kt-highlight, .wp-block-kadence-advancedheading.kt-adv-heading777_b7202b-b5[data-kb-block=\"kb-adv-heading777_b7202b-b5\"] mark.kt-highlight{font-style:normal;color:#f76a0c;-webkit-box-decoration-break:clone;box-decoration-break:clone;padding-top:0px;padding-right:0px;padding-bottom:0px;padding-left:0px;}.wp-block-kadence-advancedheading.kt-adv-heading777_b7202b-b5 img.kb-inline-image, .wp-block-kadence-advancedheading.kt-adv-heading777_b7202b-b5[data-kb-block=\"kb-adv-heading777_b7202b-b5\"] img.kb-inline-image{width:150px;vertical-align:baseline;}<\/style>\n<h1 class=\"kt-adv-heading777_b7202b-b5 wp-block-kadence-advancedheading\" data-kb-block=\"kb-adv-heading777_b7202b-b5\"><strong>Pracodawcy oraz podmioty prowadz\u0105ce edukacj\u0119 oraz aktywizacj\u0119 zawodow\u0105 i spo\u0142eczn\u0105 os\u00f3b z niepe\u0142nosprawno\u015bciami<\/strong><\/h1>\n<\/div><\/div>\n\n<\/div><\/div>\n\n\n<div class=\"wp-block-group has-theme-palette-7-background-color has-background\"><div class=\"wp-block-group__inner-container is-layout-constrained wp-block-group-is-layout-constrained\">\n<p><strong>Jakie wsparcie otrzymasz w O\u015brodku Wsparcia i Test\u00f3w w Opolu?<\/strong><\/p>\n\n\n\n<p>&#8211; spotkamy si\u0119 z Tob\u0105 w naszej siedzibie w Opolu<br>albo<br>&#8211; przyjedziemy do Twojej firmy na spotkanie z Tob\u0105 i Twoimi pracownikami,<br>&#8211; przyjedziemy do Twojej plac\u00f3wki na spotkanie grupowe z kadr\u0105 pedagogiczn\u0105, osobami z niepe\u0142nosprawno\u015bciami, rodzicami\/opiekunami os\u00f3b z niepe\u0142nosprawno\u015bciami.<\/p>\n\n\n\n<p>Nasi specjali\u015bci i specjalistki:<\/p>\n\n\n\n<p><strong>1. Przedstawi\u0105 Ci korzy\u015bci ze stosowania technologii asystuj\u0105cych w takich obszarach jak:<\/strong><\/p>\n\n\n\n<ul class=\"wp-block-list\">\n<li>komunikowanie si\u0119,<\/li>\n\n\n\n<li>dost\u0119p do informacji,<\/li>\n\n\n\n<li>nauka,<\/li>\n\n\n\n<li>praca,<\/li>\n\n\n\n<li>rozwijanie hobby,<\/li>\n\n\n\n<li>zwi\u0119kszenie aktywno\u015bci \u017cyciowej,<\/li>\n\n\n\n<li>zwi\u0119kszenie samodzielno\u015bci i zaradno\u015bci osobistej,<\/li>\n\n\n\n<li>dba\u0142o\u015bci o zdrowie.<\/li>\n<\/ul>\n\n\n\n<p><\/p>\n\n\n\n<p><strong>2. Udziel\u0105 porady i doradztwa w optymalnym wyborze technologii asystuj\u0105cych dla osoby z niepe\u0142nosprawno\u015bci\u0105, kt\u00f3r\u0105 si\u0119 opiekujesz.<\/strong><\/p>\n\n\n\n<p><strong>3. Przeprowadz\u0105 szkolenie lub instrukta\u017c w zakresie obs\u0142ugi technologii asystuj\u0105cych.<\/strong><\/p>\n\n\n\n<p><strong>Skontaktuj si\u0119 z nami w sprawie spotkania:<\/strong><\/p>\n\n\n\n<ul class=\"wp-block-list\">\n<li>zadzwo\u0144 do nas: tel. 500 059&nbsp;949<\/li>\n\n\n\n<li>napisz do nas: owit@fleximind.pl.&nbsp;<\/li>\n<\/ul>\n<\/div><\/div>\n\n\n\n<hr class=\"wp-block-separator has-alpha-channel-opacity\"\/>\n\n\n\n<div class=\"wp-block-essential-blocks-button  root-eb-button-3nzf9r4\"><div class=\"eb-parent-wrapper eb-parent-eb-button-3nzf9r4 \"><div class=\"eb-button-wrapper eb-button-alignment eb-button-3nzf9r4\"><div class=\"eb-button\"><a class=\"eb-button-anchor\" href=\"https:\/\/flexi.webd.pro\/index.php\/realizowane-zadania\/\" rel=\"noopener\">Wr\u00f3\u0107 do poprzedniej strony<\/a><\/div><\/div><\/div><\/div>\n","protected":false},"excerpt":{"rendered":"<p>Pracodawcy oraz podmioty prowadz\u0105ce edukacj\u0119 oraz aktywizacj\u0119 zawodow\u0105 i spo\u0142eczn\u0105 os\u00f3b z niepe\u0142nosprawno\u015bciami Jakie wsparcie otrzymasz w O\u015brodku Wsparcia i Test\u00f3w w Opolu? &#8211; spotkamy si\u0119 z Tob\u0105 w naszej siedzibie w Opolualbo&#8211; przyjedziemy do Twojej firmy na spotkanie z Tob\u0105 i Twoimi pracownikami,&#8211; przyjedziemy do Twojej plac\u00f3wki na spotkanie grupowe z kadr\u0105 pedagogiczn\u0105, osobami&#8230;<\/p>\n","protected":false},"author":2,"featured_media":0,"parent":0,"menu_order":0,"comment_status":"closed","ping_status":"closed","template":"","meta":{"_eb_attr":"","_kadence_starter_templates_imported_post":true,"_kad_post_transparent":"","_kad_post_title":"hide","_kad_post_layout":"fullwidth","_kad_post_sidebar_id":"","_kad_post_content_style":"unboxed","_kad_post_vertical_padding":"hide","_kad_post_feature":"hide","_kad_post_feature_position":"","_kad_post_header":false,"_kad_post_footer":false,"_kad_post_classname":"","footnotes":""},"class_list":["post-777","page","type-page","status-publish","hentry"],"_links":{"self":[{"href":"https:\/\/owit.fleximind.pl\/index.php\/wp-json\/wp\/v2\/pages\/777","targetHints":{"allow":["GET"]}}],"collection":[{"href":"https:\/\/owit.fleximind.pl\/index.php\/wp-json\/wp\/v2\/pages"}],"about":[{"href":"https:\/\/owit.fleximind.pl\/index.php\/wp-json\/wp\/v2\/types\/page"}],"author":[{"embeddable":true,"href":"https:\/\/owit.fleximind.pl\/index.php\/wp-json\/wp\/v2\/users\/2"}],"replies":[{"embeddable":true,"href":"https:\/\/owit.fleximind.pl\/index.php\/wp-json\/wp\/v2\/comments?post=777"}],"version-history":[{"count":51,"href":"https:\/\/owit.fleximind.pl\/index.php\/wp-json\/wp\/v2\/pages\/777\/revisions"}],"predecessor-version":[{"id":1651,"href":"https:\/\/owit.fleximind.pl\/index.php\/wp-json\/wp\/v2\/pages\/777\/revisions\/1651"}],"wp:attachment":[{"href":"https:\/\/owit.fleximind.pl\/index.php\/wp-json\/wp\/v2\/media?parent=777"}],"curies":[{"name":"wp","href":"https:\/\/api.w.org\/{rel}","templated":true}]}}