{"id":901,"date":"2023-12-07T17:20:49","date_gmt":"2023-12-07T17:20:49","guid":{"rendered":"https:\/\/flexi.webd.pro\/?page_id=901"},"modified":"2025-05-07T17:47:19","modified_gmt":"2025-05-07T17:47:19","slug":"utworzenie-i-prowadzenie","status":"publish","type":"page","link":"https:\/\/owit.fleximind.pl\/index.php\/utworzenie-i-prowadzenie\/","title":{"rendered":"Osoby z niepe\u0142nosprawno\u015bciami oraz opiekunowie"},"content":{"rendered":"<style>.kb-row-layout-id901_3752aa-81 > .kt-row-column-wrap{align-content:start;}:where(.kb-row-layout-id901_3752aa-81 > .kt-row-column-wrap) > .wp-block-kadence-column{justify-content:start;}.kb-row-layout-id901_3752aa-81 > .kt-row-column-wrap{column-gap:var(--global-kb-gap-md, 2rem);row-gap:var(--global-kb-gap-md, 2rem);max-width:var( --global-content-width, 1290px );padding-left:var(--global-content-edge-padding);padding-right:var(--global-content-edge-padding);padding-top:60px;padding-bottom:60px;grid-template-columns:minmax(0, 1fr);}.kb-row-layout-id901_3752aa-81 > .kt-row-layout-overlay{opacity:0.30;}@media all and (max-width: 1024px){.kb-row-layout-id901_3752aa-81 > .kt-row-column-wrap{padding-top:60px;grid-template-columns:minmax(0, 1fr);}}@media all and (max-width: 767px){.kb-row-layout-id901_3752aa-81 > .kt-row-column-wrap{grid-template-columns:minmax(0, 1fr);}}<\/style><div class=\"kb-row-layout-wrap kb-row-layout-id901_3752aa-81 alignnone has-theme-palette8-background-color kt-row-has-bg wp-block-kadence-rowlayout\"><div class=\"kt-row-column-wrap kt-has-1-columns kt-row-layout-equal kt-tab-layout-inherit kt-mobile-layout-row kt-row-valign-top kb-theme-content-width\">\n<style>.kadence-column901_4af8eb-1f > .kt-inside-inner-col,.kadence-column901_4af8eb-1f > .kt-inside-inner-col:before{border-top-left-radius:0px;border-top-right-radius:0px;border-bottom-right-radius:0px;border-bottom-left-radius:0px;}.kadence-column901_4af8eb-1f > .kt-inside-inner-col{column-gap:var(--global-kb-gap-sm, 1rem);}.kadence-column901_4af8eb-1f > .kt-inside-inner-col{flex-direction:column;}.kadence-column901_4af8eb-1f > .kt-inside-inner-col > .aligncenter{width:100%;}.kadence-column901_4af8eb-1f > .kt-inside-inner-col:before{opacity:0.3;}.kadence-column901_4af8eb-1f{position:relative;}@media all and (max-width: 1024px){.kadence-column901_4af8eb-1f > .kt-inside-inner-col{flex-direction:column;justify-content:center;}}@media all and (max-width: 767px){.kadence-column901_4af8eb-1f > .kt-inside-inner-col{flex-direction:column;justify-content:center;}}<\/style>\n<div class=\"wp-block-kadence-column kadence-column901_4af8eb-1f inner-column-1\"><div class=\"kt-inside-inner-col\"><style>.wp-block-kadence-advancedheading.kt-adv-heading901_1b3d8c-29, .wp-block-kadence-advancedheading.kt-adv-heading901_1b3d8c-29[data-kb-block=\"kb-adv-heading901_1b3d8c-29\"]{text-align:center;font-size:30px;font-style:normal;}.wp-block-kadence-advancedheading.kt-adv-heading901_1b3d8c-29 mark.kt-highlight, .wp-block-kadence-advancedheading.kt-adv-heading901_1b3d8c-29[data-kb-block=\"kb-adv-heading901_1b3d8c-29\"] mark.kt-highlight{font-style:normal;color:#f76a0c;-webkit-box-decoration-break:clone;box-decoration-break:clone;padding-top:0px;padding-right:0px;padding-bottom:0px;padding-left:0px;}.wp-block-kadence-advancedheading.kt-adv-heading901_1b3d8c-29 img.kb-inline-image, .wp-block-kadence-advancedheading.kt-adv-heading901_1b3d8c-29[data-kb-block=\"kb-adv-heading901_1b3d8c-29\"] img.kb-inline-image{width:150px;vertical-align:baseline;}<\/style>\n<h1 class=\"kt-adv-heading901_1b3d8c-29 wp-block-kadence-advancedheading\" data-kb-block=\"kb-adv-heading901_1b3d8c-29\"><strong>Osoby z niepe\u0142nosprawno\u015bciami oraz opiekunowie os\u00f3b z niepe\u0142nosprawno\u015bciami<\/strong><\/h1>\n<\/div><\/div>\n\n<\/div><\/div>\n\n\n<div class=\"wp-block-group has-theme-palette-7-background-color has-background\"><div class=\"wp-block-group__inner-container is-layout-constrained wp-block-group-is-layout-constrained\">\n<div class=\"wp-block-columns is-layout-flex wp-container-core-columns-is-layout-9d6595d7 wp-block-columns-is-layout-flex\">\n<div class=\"wp-block-column is-layout-flow wp-block-column-is-layout-flow\">\n<p><strong>Jakie wsparcie otrzymasz w O\u015brodku Wsparcia i Test\u00f3w w Opolu?<\/strong><\/p>\n\n\n\n<p>Nasi specjali\u015bci i specjalistki:<\/p>\n\n\n\n<p><strong>1. Przedstawi\u0105 Ci korzy\u015bci ze stosowania technologii asystuj\u0105cych w takich obszarach jak:<\/strong><\/p>\n\n\n\n<ul class=\"wp-block-list\">\n<li>komunikowanie si\u0119,<\/li>\n\n\n\n<li>dost\u0119p do informacji,<\/li>\n\n\n\n<li>nauka,<\/li>\n\n\n\n<li>praca,<\/li>\n\n\n\n<li>rozwijanie hobby,<\/li>\n\n\n\n<li>zwi\u0119kszenie aktywno\u015bci \u017cyciowej,<\/li>\n\n\n\n<li>zwi\u0119kszenie samodzielno\u015bci i zaradno\u015bci osobistej,<\/li>\n\n\n\n<li>dba\u0142o\u015bci o zdrowie.<\/li>\n<\/ul>\n\n\n\n<p><strong>2. Udziel\u0105 porady i doradztwa w optymalnym dla Ciebie wyborze technologii asystuj\u0105cych.<\/strong><\/p>\n\n\n\n<p><strong>3. Przeprowadz\u0105 szkolenie lub instrukta\u017c w zakresie obs\u0142ugi technologii asystuj\u0105cych.<\/strong><\/p>\n\n\n\n<p><strong>4. Wypo\u017cycz\u0105 Ci wybran\u0105 technologi\u0119 asystuj\u0105c\u0105 do testowania.<\/strong><\/p>\n\n\n\n<p><strong>Gdzie znajdziesz list\u0119 technologii asystuj\u0105cych?<\/strong><br>Katalog technologii asystuj\u0105cych jakimi dysponuje OWiT znajduje si\u0119 w zak\u0142adce <a href=\"https:\/\/owit.fleximind.pl\/index.php\/technologie-asystujace\/\">Technologie asystuj\u0105ce<\/a>.<\/p>\n\n\n\n<p><strong>Kto mo\u017ce wypo\u017cyczy\u0107 technologie asystuj\u0105ce?<\/strong><br>Technologie asystuj\u0105ce wypo\u017cyczamy osobom maj\u0105cym aktualne orzeczenie o niepe\u0142nosprawno\u015bci lub r\u00f3wnowa\u017cne.&nbsp;<\/p>\n\n\n\n<p><strong>Mamy takie zasady wypo\u017cyczania technologii wspomagaj\u0105cej:<\/strong><\/p>\n\n\n\n<ol class=\"wp-block-list\">\n<li>Wypo\u017cyczenie technologii jest bezp\u0142atne.<\/li>\n\n\n\n<li>Technologie asystuj\u0105ce wypo\u017cyczamy na 3 miesi\u0105ce z mo\u017cliwo\u015bci\u0105 przed\u0142u\u017cenia tego okresu na Tw\u00f3j wniosek.<\/li>\n\n\n\n<li>Podpisujesz z nami umow\u0119 wypo\u017cyczenia.<\/li>\n\n\n\n<li>Gdy wypo\u017cyczasz technologi\u0119 o warto\u015bci powy\u017cej 10\u00a0000 z\u0142 musisz nam pokaza\u0107 swoj\u0105 polis\u0119 OC.<\/li>\n<\/ol>\n\n\n\n<p><strong>Skontaktuj si\u0119 z nami w sprawie wypo\u017cyczenia technologii asystuj\u0105cej:<\/strong><\/p>\n\n\n\n<ul class=\"wp-block-list\">\n<li>zadzwo\u0144 do nas: tel. 500 059\u00a0949\u00a0   <\/li>\n\n\n\n<li>napisz do nas: owit@fleximind.pl.\u00a0<\/li>\n<\/ul>\n<\/div>\n<\/div>\n<\/div><\/div>\n\n\n\n<hr class=\"wp-block-separator has-alpha-channel-opacity\"\/>\n\n\n\n<div class=\"wp-block-essential-blocks-button  root-eb-button-3nzf9r4\"><div class=\"eb-parent-wrapper eb-parent-eb-button-3nzf9r4 \"><div class=\"eb-button-wrapper eb-button-alignment eb-button-3nzf9r4\"><div class=\"eb-button\"><a class=\"eb-button-anchor\" href=\"https:\/\/flexi.webd.pro\/index.php\/realizowane-zadania\/\" rel=\"noopener\">Wr\u00f3\u0107 do poprzedniej strony<\/a><\/div><\/div><\/div><\/div>\n","protected":false},"excerpt":{"rendered":"<p>Osoby z niepe\u0142nosprawno\u015bciami oraz opiekunowie os\u00f3b z niepe\u0142nosprawno\u015bciami Jakie wsparcie otrzymasz w O\u015brodku Wsparcia i Test\u00f3w w Opolu? Nasi specjali\u015bci i specjalistki: 1. Przedstawi\u0105 Ci korzy\u015bci ze stosowania technologii asystuj\u0105cych w takich obszarach jak: 2. Udziel\u0105 porady i doradztwa w optymalnym dla Ciebie wyborze technologii asystuj\u0105cych. 3. Przeprowadz\u0105 szkolenie lub instrukta\u017c w zakresie obs\u0142ugi technologii&#8230;<\/p>\n","protected":false},"author":2,"featured_media":0,"parent":0,"menu_order":0,"comment_status":"closed","ping_status":"closed","template":"","meta":{"_eb_attr":"","_kadence_starter_templates_imported_post":true,"_kad_post_transparent":"","_kad_post_title":"hide","_kad_post_layout":"fullwidth","_kad_post_sidebar_id":"","_kad_post_content_style":"unboxed","_kad_post_vertical_padding":"hide","_kad_post_feature":"hide","_kad_post_feature_position":"","_kad_post_header":false,"_kad_post_footer":false,"_kad_post_classname":"","footnotes":""},"class_list":["post-901","page","type-page","status-publish","hentry"],"_links":{"self":[{"href":"https:\/\/owit.fleximind.pl\/index.php\/wp-json\/wp\/v2\/pages\/901","targetHints":{"allow":["GET"]}}],"collection":[{"href":"https:\/\/owit.fleximind.pl\/index.php\/wp-json\/wp\/v2\/pages"}],"about":[{"href":"https:\/\/owit.fleximind.pl\/index.php\/wp-json\/wp\/v2\/types\/page"}],"author":[{"embeddable":true,"href":"https:\/\/owit.fleximind.pl\/index.php\/wp-json\/wp\/v2\/users\/2"}],"replies":[{"embeddable":true,"href":"https:\/\/owit.fleximind.pl\/index.php\/wp-json\/wp\/v2\/comments?post=901"}],"version-history":[{"count":19,"href":"https:\/\/owit.fleximind.pl\/index.php\/wp-json\/wp\/v2\/pages\/901\/revisions"}],"predecessor-version":[{"id":1627,"href":"https:\/\/owit.fleximind.pl\/index.php\/wp-json\/wp\/v2\/pages\/901\/revisions\/1627"}],"wp:attachment":[{"href":"https:\/\/owit.fleximind.pl\/index.php\/wp-json\/wp\/v2\/media?parent=901"}],"curies":[{"name":"wp","href":"https:\/\/api.w.org\/{rel}","templated":true}]}}